{"id":1193,"date":"2024-12-29T22:30:41","date_gmt":"2024-12-29T22:30:41","guid":{"rendered":"https:\/\/www.schnaiterhof.de\/?page_id=1193"},"modified":"2024-12-30T13:37:12","modified_gmt":"2024-12-30T13:37:12","slug":"__trashed","status":"publish","type":"page","link":"https:\/\/www.schnaiterhof.de\/?page_id=1193","title":{"rendered":"Jochbergalm &#8211; Unterwidholzerkaser"},"content":{"rendered":"\n<figure class=\"wp-block-image size-large\"><img loading=\"lazy\" decoding=\"async\" width=\"1024\" height=\"768\" src=\"https:\/\/www.schnaiterhof.de\/wp-content\/uploads\/2024\/12\/71265a71-a6d1-4051-94fd-f15b01867103-1024x768.jpeg\" alt=\"\" class=\"wp-image-1194\" srcset=\"https:\/\/schnaiterhof.de\/wp-content\/uploads\/2024\/12\/71265a71-a6d1-4051-94fd-f15b01867103-1024x768.jpeg 1024w, https:\/\/schnaiterhof.de\/wp-content\/uploads\/2024\/12\/71265a71-a6d1-4051-94fd-f15b01867103-300x225.jpeg 300w, https:\/\/schnaiterhof.de\/wp-content\/uploads\/2024\/12\/71265a71-a6d1-4051-94fd-f15b01867103-768x576.jpeg 768w, https:\/\/schnaiterhof.de\/wp-content\/uploads\/2024\/12\/71265a71-a6d1-4051-94fd-f15b01867103-1536x1152.jpeg 1536w, https:\/\/schnaiterhof.de\/wp-content\/uploads\/2024\/12\/71265a71-a6d1-4051-94fd-f15b01867103.jpeg 1600w\" sizes=\"auto, (max-width: 1024px) 100vw, 1024px\" \/><\/figure>\n\n\n\n<p><br>Der <strong>Unterwidholzkaser<\/strong> ist eine von drei bewirtschafteten Almh\u00fctten auf dem Jochberg an der S\u00fcdseite des Hochgerns in Unterw\u00f6ssen. Auf einer H\u00f6he von 1.276 Metern gelegen, bietet er w\u00e4hrend der Almsaison von Anfang Juni bis Ende September typische Brotzeiten aus regionalen Produkten an. <strong><em>Dienstag ist Ruhetag.&nbsp;<\/em><\/strong><\/p>\n\n\n\n<figure class=\"wp-block-gallery has-nested-images columns-default is-cropped wp-block-gallery-1 is-layout-flex wp-block-gallery-is-layout-flex\">\n<figure class=\"wp-block-image size-large\"><img loading=\"lazy\" decoding=\"async\" width=\"1024\" height=\"768\" data-id=\"1200\" src=\"https:\/\/www.schnaiterhof.de\/wp-content\/uploads\/2024\/12\/f1be0244-8910-4bc7-87d1-071a708ebd8a-1024x768.jpeg\" alt=\"\" class=\"wp-image-1200\" srcset=\"https:\/\/schnaiterhof.de\/wp-content\/uploads\/2024\/12\/f1be0244-8910-4bc7-87d1-071a708ebd8a-1024x768.jpeg 1024w, https:\/\/schnaiterhof.de\/wp-content\/uploads\/2024\/12\/f1be0244-8910-4bc7-87d1-071a708ebd8a-300x225.jpeg 300w, https:\/\/schnaiterhof.de\/wp-content\/uploads\/2024\/12\/f1be0244-8910-4bc7-87d1-071a708ebd8a-768x576.jpeg 768w, https:\/\/schnaiterhof.de\/wp-content\/uploads\/2024\/12\/f1be0244-8910-4bc7-87d1-071a708ebd8a-1536x1152.jpeg 1536w, https:\/\/schnaiterhof.de\/wp-content\/uploads\/2024\/12\/f1be0244-8910-4bc7-87d1-071a708ebd8a.jpeg 1600w\" sizes=\"auto, (max-width: 1024px) 100vw, 1024px\" \/><figcaption class=\"wp-element-caption\">Blick zum Oberwidholzerkaser (links) und zum Mesnerkaser (rechts).<\/figcaption><\/figure>\n<\/figure>\n\n\n\n<p><br>Die Jochbergalmen, zu denen neben dem Unterwidholzkaser auch der Oberwidholzerkaser und der Mesnerkaser geh\u00f6ren, liegen idyllisch auf einer sonnigen Anh\u00f6he und laden zur gem\u00fctlichen Einkehr ein. Von dort bietet sich ein wunderbarer Blick in Richtung Achental mit Geigelstein und Hochplatte sowie nach Ruhpolding mit dem Talgrund R\u00f6thelmoos und der H\u00f6rndlwand.<\/p>\n\n\n\n<figure class=\"wp-block-gallery has-nested-images columns-default is-cropped wp-block-gallery-2 is-layout-flex wp-block-gallery-is-layout-flex\">\n<figure class=\"wp-block-image size-large\"><img loading=\"lazy\" decoding=\"async\" width=\"1024\" height=\"768\" data-id=\"1225\" src=\"https:\/\/www.schnaiterhof.de\/wp-content\/uploads\/2024\/12\/40925589-4a95-4ed3-9eca-19b5efad76c5-1024x768.jpeg\" alt=\"\" class=\"wp-image-1225\" srcset=\"https:\/\/schnaiterhof.de\/wp-content\/uploads\/2024\/12\/40925589-4a95-4ed3-9eca-19b5efad76c5-1024x768.jpeg 1024w, https:\/\/schnaiterhof.de\/wp-content\/uploads\/2024\/12\/40925589-4a95-4ed3-9eca-19b5efad76c5-300x225.jpeg 300w, https:\/\/schnaiterhof.de\/wp-content\/uploads\/2024\/12\/40925589-4a95-4ed3-9eca-19b5efad76c5-768x576.jpeg 768w, https:\/\/schnaiterhof.de\/wp-content\/uploads\/2024\/12\/40925589-4a95-4ed3-9eca-19b5efad76c5-1536x1152.jpeg 1536w, https:\/\/schnaiterhof.de\/wp-content\/uploads\/2024\/12\/40925589-4a95-4ed3-9eca-19b5efad76c5.jpeg 1600w\" sizes=\"auto, (max-width: 1024px) 100vw, 1024px\" \/><\/figure>\n\n\n\n<figure class=\"wp-block-image size-large\"><img loading=\"lazy\" decoding=\"async\" width=\"1024\" height=\"768\" data-id=\"1211\" src=\"https:\/\/www.schnaiterhof.de\/wp-content\/uploads\/2024\/12\/7f71777e-4e5e-46be-9d63-a19a75168fe5-1024x768.jpeg\" alt=\"\" class=\"wp-image-1211\" srcset=\"https:\/\/schnaiterhof.de\/wp-content\/uploads\/2024\/12\/7f71777e-4e5e-46be-9d63-a19a75168fe5-1024x768.jpeg 1024w, https:\/\/schnaiterhof.de\/wp-content\/uploads\/2024\/12\/7f71777e-4e5e-46be-9d63-a19a75168fe5-300x225.jpeg 300w, https:\/\/schnaiterhof.de\/wp-content\/uploads\/2024\/12\/7f71777e-4e5e-46be-9d63-a19a75168fe5-768x576.jpeg 768w, https:\/\/schnaiterhof.de\/wp-content\/uploads\/2024\/12\/7f71777e-4e5e-46be-9d63-a19a75168fe5-1536x1152.jpeg 1536w, https:\/\/schnaiterhof.de\/wp-content\/uploads\/2024\/12\/7f71777e-4e5e-46be-9d63-a19a75168fe5.jpeg 1600w\" sizes=\"auto, (max-width: 1024px) 100vw, 1024px\" \/><\/figure>\n\n\n\n<figure class=\"wp-block-image size-large\"><img loading=\"lazy\" decoding=\"async\" width=\"1024\" height=\"768\" data-id=\"1219\" src=\"https:\/\/www.schnaiterhof.de\/wp-content\/uploads\/2024\/12\/bb5524e5-958f-4e94-9d92-a568bd035120-1024x768.jpeg\" alt=\"\" class=\"wp-image-1219\" srcset=\"https:\/\/schnaiterhof.de\/wp-content\/uploads\/2024\/12\/bb5524e5-958f-4e94-9d92-a568bd035120-1024x768.jpeg 1024w, https:\/\/schnaiterhof.de\/wp-content\/uploads\/2024\/12\/bb5524e5-958f-4e94-9d92-a568bd035120-300x225.jpeg 300w, https:\/\/schnaiterhof.de\/wp-content\/uploads\/2024\/12\/bb5524e5-958f-4e94-9d92-a568bd035120-768x576.jpeg 768w, https:\/\/schnaiterhof.de\/wp-content\/uploads\/2024\/12\/bb5524e5-958f-4e94-9d92-a568bd035120-1536x1152.jpeg 1536w, https:\/\/schnaiterhof.de\/wp-content\/uploads\/2024\/12\/bb5524e5-958f-4e94-9d92-a568bd035120.jpeg 1600w\" sizes=\"auto, (max-width: 1024px) 100vw, 1024px\" \/><\/figure>\n\n\n\n<figure class=\"wp-block-image size-large\"><img loading=\"lazy\" decoding=\"async\" width=\"1024\" height=\"768\" data-id=\"1222\" src=\"https:\/\/www.schnaiterhof.de\/wp-content\/uploads\/2024\/12\/c650a74b-683c-4ae8-a835-ff1f92232672-1024x768.jpeg\" alt=\"\" class=\"wp-image-1222\" srcset=\"https:\/\/schnaiterhof.de\/wp-content\/uploads\/2024\/12\/c650a74b-683c-4ae8-a835-ff1f92232672-1024x768.jpeg 1024w, https:\/\/schnaiterhof.de\/wp-content\/uploads\/2024\/12\/c650a74b-683c-4ae8-a835-ff1f92232672-300x225.jpeg 300w, https:\/\/schnaiterhof.de\/wp-content\/uploads\/2024\/12\/c650a74b-683c-4ae8-a835-ff1f92232672-768x576.jpeg 768w, https:\/\/schnaiterhof.de\/wp-content\/uploads\/2024\/12\/c650a74b-683c-4ae8-a835-ff1f92232672-1536x1152.jpeg 1536w, https:\/\/schnaiterhof.de\/wp-content\/uploads\/2024\/12\/c650a74b-683c-4ae8-a835-ff1f92232672.jpeg 1600w\" sizes=\"auto, (max-width: 1024px) 100vw, 1024px\" \/><\/figure>\n\n\n\n<figure class=\"wp-block-image size-large\"><img loading=\"lazy\" decoding=\"async\" width=\"1024\" height=\"768\" data-id=\"1218\" src=\"https:\/\/www.schnaiterhof.de\/wp-content\/uploads\/2024\/12\/460fbe06-0daf-4d0a-86b2-9a31c3d67be2-1024x768.jpeg\" alt=\"\" class=\"wp-image-1218\" srcset=\"https:\/\/schnaiterhof.de\/wp-content\/uploads\/2024\/12\/460fbe06-0daf-4d0a-86b2-9a31c3d67be2-1024x768.jpeg 1024w, https:\/\/schnaiterhof.de\/wp-content\/uploads\/2024\/12\/460fbe06-0daf-4d0a-86b2-9a31c3d67be2-300x225.jpeg 300w, https:\/\/schnaiterhof.de\/wp-content\/uploads\/2024\/12\/460fbe06-0daf-4d0a-86b2-9a31c3d67be2-768x576.jpeg 768w, https:\/\/schnaiterhof.de\/wp-content\/uploads\/2024\/12\/460fbe06-0daf-4d0a-86b2-9a31c3d67be2-1536x1152.jpeg 1536w, https:\/\/schnaiterhof.de\/wp-content\/uploads\/2024\/12\/460fbe06-0daf-4d0a-86b2-9a31c3d67be2.jpeg 1600w\" sizes=\"auto, (max-width: 1024px) 100vw, 1024px\" \/><\/figure>\n\n\n\n<figure class=\"wp-block-image size-large\"><img loading=\"lazy\" decoding=\"async\" width=\"1024\" height=\"768\" data-id=\"1215\" src=\"https:\/\/www.schnaiterhof.de\/wp-content\/uploads\/2024\/12\/ae83d58e-499b-4ae6-b741-300b1d498270-1024x768.jpeg\" alt=\"\" class=\"wp-image-1215\" srcset=\"https:\/\/schnaiterhof.de\/wp-content\/uploads\/2024\/12\/ae83d58e-499b-4ae6-b741-300b1d498270-1024x768.jpeg 1024w, https:\/\/schnaiterhof.de\/wp-content\/uploads\/2024\/12\/ae83d58e-499b-4ae6-b741-300b1d498270-300x225.jpeg 300w, https:\/\/schnaiterhof.de\/wp-content\/uploads\/2024\/12\/ae83d58e-499b-4ae6-b741-300b1d498270-768x576.jpeg 768w, https:\/\/schnaiterhof.de\/wp-content\/uploads\/2024\/12\/ae83d58e-499b-4ae6-b741-300b1d498270-1536x1152.jpeg 1536w, https:\/\/schnaiterhof.de\/wp-content\/uploads\/2024\/12\/ae83d58e-499b-4ae6-b741-300b1d498270.jpeg 1600w\" sizes=\"auto, (max-width: 1024px) 100vw, 1024px\" \/><\/figure>\n\n\n\n<figure class=\"wp-block-image size-large\"><img loading=\"lazy\" decoding=\"async\" width=\"1024\" height=\"768\" data-id=\"1217\" src=\"https:\/\/www.schnaiterhof.de\/wp-content\/uploads\/2024\/12\/9b8dbf78-6381-4345-9533-2e76b81f1256-1024x768.jpeg\" alt=\"\" class=\"wp-image-1217\" srcset=\"https:\/\/schnaiterhof.de\/wp-content\/uploads\/2024\/12\/9b8dbf78-6381-4345-9533-2e76b81f1256-1024x768.jpeg 1024w, https:\/\/schnaiterhof.de\/wp-content\/uploads\/2024\/12\/9b8dbf78-6381-4345-9533-2e76b81f1256-300x225.jpeg 300w, https:\/\/schnaiterhof.de\/wp-content\/uploads\/2024\/12\/9b8dbf78-6381-4345-9533-2e76b81f1256-768x576.jpeg 768w, https:\/\/schnaiterhof.de\/wp-content\/uploads\/2024\/12\/9b8dbf78-6381-4345-9533-2e76b81f1256-1536x1152.jpeg 1536w, https:\/\/schnaiterhof.de\/wp-content\/uploads\/2024\/12\/9b8dbf78-6381-4345-9533-2e76b81f1256.jpeg 1600w\" sizes=\"auto, (max-width: 1024px) 100vw, 1024px\" \/><\/figure>\n\n\n\n<figure class=\"wp-block-image size-large\"><img loading=\"lazy\" decoding=\"async\" width=\"1024\" height=\"768\" data-id=\"1224\" src=\"https:\/\/www.schnaiterhof.de\/wp-content\/uploads\/2024\/12\/74fee8d0-9ed0-4cd1-b21b-ec1678cd03bd-1024x768.jpeg\" alt=\"\" class=\"wp-image-1224\" srcset=\"https:\/\/schnaiterhof.de\/wp-content\/uploads\/2024\/12\/74fee8d0-9ed0-4cd1-b21b-ec1678cd03bd-1024x768.jpeg 1024w, https:\/\/schnaiterhof.de\/wp-content\/uploads\/2024\/12\/74fee8d0-9ed0-4cd1-b21b-ec1678cd03bd-300x225.jpeg 300w, https:\/\/schnaiterhof.de\/wp-content\/uploads\/2024\/12\/74fee8d0-9ed0-4cd1-b21b-ec1678cd03bd-768x576.jpeg 768w, https:\/\/schnaiterhof.de\/wp-content\/uploads\/2024\/12\/74fee8d0-9ed0-4cd1-b21b-ec1678cd03bd-1536x1152.jpeg 1536w, https:\/\/schnaiterhof.de\/wp-content\/uploads\/2024\/12\/74fee8d0-9ed0-4cd1-b21b-ec1678cd03bd.jpeg 1600w\" sizes=\"auto, (max-width: 1024px) 100vw, 1024px\" \/><\/figure>\n\n\n\n<figure class=\"wp-block-image size-large\"><img loading=\"lazy\" decoding=\"async\" width=\"1024\" height=\"768\" data-id=\"1212\" src=\"https:\/\/www.schnaiterhof.de\/wp-content\/uploads\/2024\/12\/fb33d0dc-d895-452c-8803-7f5a3da5f76c-1024x768.jpeg\" alt=\"\" class=\"wp-image-1212\" srcset=\"https:\/\/schnaiterhof.de\/wp-content\/uploads\/2024\/12\/fb33d0dc-d895-452c-8803-7f5a3da5f76c-1024x768.jpeg 1024w, https:\/\/schnaiterhof.de\/wp-content\/uploads\/2024\/12\/fb33d0dc-d895-452c-8803-7f5a3da5f76c-300x225.jpeg 300w, https:\/\/schnaiterhof.de\/wp-content\/uploads\/2024\/12\/fb33d0dc-d895-452c-8803-7f5a3da5f76c-768x576.jpeg 768w, https:\/\/schnaiterhof.de\/wp-content\/uploads\/2024\/12\/fb33d0dc-d895-452c-8803-7f5a3da5f76c-1536x1152.jpeg 1536w, https:\/\/schnaiterhof.de\/wp-content\/uploads\/2024\/12\/fb33d0dc-d895-452c-8803-7f5a3da5f76c.jpeg 1600w\" sizes=\"auto, (max-width: 1024px) 100vw, 1024px\" \/><\/figure>\n\n\n\n<figure class=\"wp-block-image size-large\"><img loading=\"lazy\" decoding=\"async\" width=\"768\" height=\"1024\" data-id=\"1214\" src=\"https:\/\/www.schnaiterhof.de\/wp-content\/uploads\/2024\/12\/11a18ef1-4d11-4fcf-b4d8-5d0fd8e85f49-768x1024.jpeg\" alt=\"\" class=\"wp-image-1214\" srcset=\"https:\/\/schnaiterhof.de\/wp-content\/uploads\/2024\/12\/11a18ef1-4d11-4fcf-b4d8-5d0fd8e85f49-768x1024.jpeg 768w, https:\/\/schnaiterhof.de\/wp-content\/uploads\/2024\/12\/11a18ef1-4d11-4fcf-b4d8-5d0fd8e85f49-225x300.jpeg 225w, https:\/\/schnaiterhof.de\/wp-content\/uploads\/2024\/12\/11a18ef1-4d11-4fcf-b4d8-5d0fd8e85f49-1152x1536.jpeg 1152w, https:\/\/schnaiterhof.de\/wp-content\/uploads\/2024\/12\/11a18ef1-4d11-4fcf-b4d8-5d0fd8e85f49.jpeg 1200w\" sizes=\"auto, (max-width: 768px) 100vw, 768px\" \/><\/figure>\n\n\n\n<figure class=\"wp-block-image size-large\"><img loading=\"lazy\" decoding=\"async\" width=\"768\" height=\"1024\" data-id=\"1216\" src=\"https:\/\/www.schnaiterhof.de\/wp-content\/uploads\/2024\/12\/666e01bf-b434-4dd1-bf5f-4164c0204086-768x1024.jpeg\" alt=\"\" class=\"wp-image-1216\" srcset=\"https:\/\/schnaiterhof.de\/wp-content\/uploads\/2024\/12\/666e01bf-b434-4dd1-bf5f-4164c0204086-768x1024.jpeg 768w, https:\/\/schnaiterhof.de\/wp-content\/uploads\/2024\/12\/666e01bf-b434-4dd1-bf5f-4164c0204086-225x300.jpeg 225w, https:\/\/schnaiterhof.de\/wp-content\/uploads\/2024\/12\/666e01bf-b434-4dd1-bf5f-4164c0204086-1152x1536.jpeg 1152w, https:\/\/schnaiterhof.de\/wp-content\/uploads\/2024\/12\/666e01bf-b434-4dd1-bf5f-4164c0204086.jpeg 1200w\" sizes=\"auto, (max-width: 768px) 100vw, 768px\" \/><\/figure>\n\n\n\n<figure class=\"wp-block-image size-large\"><img loading=\"lazy\" decoding=\"async\" width=\"768\" height=\"1024\" data-id=\"1223\" src=\"https:\/\/www.schnaiterhof.de\/wp-content\/uploads\/2024\/12\/7cfbb386-a500-47a0-abbe-75d76d6b8401-768x1024.jpeg\" alt=\"\" class=\"wp-image-1223\" srcset=\"https:\/\/schnaiterhof.de\/wp-content\/uploads\/2024\/12\/7cfbb386-a500-47a0-abbe-75d76d6b8401-768x1024.jpeg 768w, https:\/\/schnaiterhof.de\/wp-content\/uploads\/2024\/12\/7cfbb386-a500-47a0-abbe-75d76d6b8401-225x300.jpeg 225w, https:\/\/schnaiterhof.de\/wp-content\/uploads\/2024\/12\/7cfbb386-a500-47a0-abbe-75d76d6b8401-1152x1536.jpeg 1152w, https:\/\/schnaiterhof.de\/wp-content\/uploads\/2024\/12\/7cfbb386-a500-47a0-abbe-75d76d6b8401.jpeg 1200w\" sizes=\"auto, (max-width: 768px) 100vw, 768px\" \/><\/figure>\n<\/figure>\n\n\n\n<h1 class=\"wp-block-heading\"><br>Wanderrouten:<\/h1>\n\n\n\n<figure class=\"wp-block-table\"><table class=\"has-fixed-layout\"><tbody><tr><td><strong>Vom Wanderparkplatz Hochgernweg \u00fcber das Kaltenbachtal<\/strong><br>Dauer: ca. 1,75 Stunden\u00a0\u00a0<br>Der klassische Aufstieg beginnt am Wanderparkplatz in Unterw\u00f6ssen. Der Weg f\u00fchrt durch das malerische Kaltenbachtal, vorbei an gr\u00fcnen Wiesen und schattigen W\u00e4ldern. Ideal f\u00fcr Familien oder weniger ge\u00fcbte Wanderer. Der Weg ist gut ausgeschildert und bietet moderate Steigungen.\u00a0\u00a0<\/td><\/tr><tr><td><strong>Von Marquartstein \u00fcber das Agerschwendt<\/strong><br>Dauer: ca. 2,25 Stunden&nbsp;&nbsp;<br>Der Weg startet in Marquartstein und f\u00fchrt \u00fcber das Agerschwendt, eine idyllische Alm, die ebenfalls eine Einkehrm\u00f6glichkeit bietet. Danach geht es \u00fcber teils steilere Pfade weiter zur Jochbergalm.&nbsp;&nbsp;<\/td><\/tr><tr><td><strong>Von Ruhpolding<\/strong> <strong>\u00fcber die R\u00f6thelmoos-Alm<\/strong><br>Dauer: ca. 2 Stunden&nbsp;&nbsp;<br>Von Ruhpolding aus f\u00fchrt diese Route \u00fcber das malerische R\u00f6thelmoos und durch bewaldete Abschnitte. Sie bietet eine wundersch\u00f6ne Landschaft, ist aber etwas l\u00e4nger und anspruchsvoller.&nbsp;&nbsp;<\/td><\/tr><tr><td><strong><strong>Vom Wanderparkplatz Hochgernweg \u00fcber<\/strong><\/strong> <strong>die Rechenbergalm <\/strong><br>Dauer: ca. 2 Stunden&nbsp;&nbsp;<br>Diese Route beginnt wie der klassische Weg durch das Kaltenbachtal, zweigt jedoch auf halber Strecke zur Rechenbergalm (1.200 m) ab. Von der Rechenbergalm geht es auf einem teils steilen, aber gut begehbaren Pfad weiter hinauf zu den Jochbergalmen.&nbsp;&nbsp;<\/td><\/tr><tr><td><strong>Von Brem, Oberw\u00f6ssen<\/strong><br>Dauer: ca. 2 Stunden<br>Der Weg beginnt in Brem, wo sich ein kleiner Parkplatz f\u00fcr Wanderer befindet. Von dort folgt man den Schildern in Richtung&nbsp;Hochgern\/Jochbergalmen. Kurz vor den Jochbergalmen trifft dieser Weg auf die Route, die durch das&nbsp;Kaltenbachtal kommt. Von dort sind es nur noch ca. 20 Minuten bis zu den&nbsp;Jochbergalmen.<\/td><\/tr><tr><td><strong>\u00dcber den Hochgern (f\u00fcr Ge\u00fcbte)<\/strong><br>Dauer: ca. 4-5 Stunden (abh\u00e4ngig von der Route)&nbsp;&nbsp;<br>Wer eine sportliche Herausforderung sucht, kann die Jochbergalm \u00fcber den Gipfel des Hochgern (1.748 m) erreichen. Startpunkte sind entweder Unterw\u00f6ssen oder Marquartstein. Nach dem Gipfelerlebnis f\u00fchrt der Abstieg \u00fcber den Jochberg direkt zu den Almen. Diese Route ist konditionell anspruchsvoll, bietet aber fantastische Ausblicke.&nbsp;&nbsp;<\/td><\/tr><\/tbody><\/table><\/figure>\n\n\n\n<figure class=\"wp-block-gallery has-nested-images columns-default is-cropped wp-block-gallery-3 is-layout-flex wp-block-gallery-is-layout-flex\">\n<figure class=\"wp-block-image size-large\"><img loading=\"lazy\" decoding=\"async\" width=\"800\" height=\"500\" data-id=\"1258\" src=\"https:\/\/www.schnaiterhof.de\/wp-content\/uploads\/2024\/12\/Unterwidholzerkaser-unterwoessen-8x5-2.png\" alt=\"\" class=\"wp-image-1258\" srcset=\"https:\/\/schnaiterhof.de\/wp-content\/uploads\/2024\/12\/Unterwidholzerkaser-unterwoessen-8x5-2.png 800w, https:\/\/schnaiterhof.de\/wp-content\/uploads\/2024\/12\/Unterwidholzerkaser-unterwoessen-8x5-2-300x188.png 300w, https:\/\/schnaiterhof.de\/wp-content\/uploads\/2024\/12\/Unterwidholzerkaser-unterwoessen-8x5-2-768x480.png 768w\" sizes=\"auto, (max-width: 800px) 100vw, 800px\" \/><\/figure>\n<\/figure>\n","protected":false},"excerpt":{"rendered":"<p>Der Unterwidholzkaser ist eine von drei bewirtschafteten Almh\u00fctten auf dem Jochberg an der S\u00fcdseite des Hochgerns in Unterw\u00f6ssen. Auf einer H\u00f6he von 1.276 Metern gelegen, bietet er w\u00e4hrend der Almsaison von Anfang Juni bis Ende &hellip; <a href=\"https:\/\/www.schnaiterhof.de\/?page_id=1193\">Weiterlesen<\/a><\/p>\n","protected":false},"author":2,"featured_media":0,"parent":0,"menu_order":5,"comment_status":"closed","ping_status":"closed","template":"","meta":{"footnotes":"[]"},"class_list":["post-1193","page","type-page","status-publish","hentry"],"jetpack_sharing_enabled":true,"_links":{"self":[{"href":"https:\/\/www.schnaiterhof.de\/index.php?rest_route=\/wp\/v2\/pages\/1193","targetHints":{"allow":["GET"]}}],"collection":[{"href":"https:\/\/www.schnaiterhof.de\/index.php?rest_route=\/wp\/v2\/pages"}],"about":[{"href":"https:\/\/www.schnaiterhof.de\/index.php?rest_route=\/wp\/v2\/types\/page"}],"author":[{"embeddable":true,"href":"https:\/\/www.schnaiterhof.de\/index.php?rest_route=\/wp\/v2\/users\/2"}],"replies":[{"embeddable":true,"href":"https:\/\/www.schnaiterhof.de\/index.php?rest_route=%2Fwp%2Fv2%2Fcomments&post=1193"}],"version-history":[{"count":24,"href":"https:\/\/www.schnaiterhof.de\/index.php?rest_route=\/wp\/v2\/pages\/1193\/revisions"}],"predecessor-version":[{"id":1259,"href":"https:\/\/www.schnaiterhof.de\/index.php?rest_route=\/wp\/v2\/pages\/1193\/revisions\/1259"}],"wp:attachment":[{"href":"https:\/\/www.schnaiterhof.de\/index.php?rest_route=%2Fwp%2Fv2%2Fmedia&parent=1193"}],"curies":[{"name":"wp","href":"https:\/\/api.w.org\/{rel}","templated":true}]}}