{"id":13,"date":"2015-01-25T13:13:16","date_gmt":"2015-01-25T13:13:16","guid":{"rendered":"http:\/\/www.schnaiterhof.de\/?page_id=13"},"modified":"2024-12-30T00:25:17","modified_gmt":"2024-12-30T00:25:17","slug":"preiseservice","status":"publish","type":"page","link":"https:\/\/www.schnaiterhof.de\/?page_id=13","title":{"rendered":"Preise\/Service"},"content":{"rendered":"<h1>Preise:<\/h1>\n<table class=\"mceItemTable\" border=\"0\" width=\"60%\" cellspacing=\"0\" cellpadding=\"5\">\n<tbody>\n<tr>\n<td class=\"text3\" align=\"left\">Ferienwohnung Balkon<\/td>\n<td class=\"text3\" align=\"right\">80,00 \u20ac\/Tag<\/td>\n<\/tr>\n<tr>\n<td class=\"text3\" align=\"left\">Ferienwohnung Terrasse<\/td>\n<td class=\"text3\" align=\"right\">80,00 \u20ac\/Tag<\/td>\n<\/tr>\n<tr>\n<td class=\"text3\" align=\"left\">Appartement<\/td>\n<td class=\"text3\" align=\"right\">50,00 \u20ac\/Tag<\/td>\n<\/tr>\n<tr>\n<td class=\"text3\" align=\"left\">Kurtaxe Erwachsene<\/td>\n<td class=\"text3\" align=\"right\">1,10 \u20ac p.Pers.\/Tag<\/td>\n<\/tr>\n<tr>\n<td class=\"text3\" align=\"left\">Kurtaxe ab dem 6. Lebensjahr<\/td>\n<td class=\"text3\" align=\"right\">0,55 \u20ac p.Pers.\/Tag<\/td>\n<\/tr>\n<\/tbody>\n<\/table>\n<p>Die Preise f\u00fcr die Ferienwohnung gelten f\u00fcr die Belegung mit einer Person. Jede weitere Person wird mit einem Aufschlag von 8,- \u20ac pro Person\/Tag berechnet.<\/p>\n<p><strong>Mindestaufenthalt:<\/strong> 5 N\u00e4chte<\/p>\n<p><strong>Stornierung<\/strong><\/p>\n<ul>\n<li>Stornierungen vor einem Monat Reisebeginn: kostenlos<\/li>\n<li>Stornierungen zwischen 14 &#8211; 30 Tage vor Reisebeginn: 50%<\/li>\n<li>Stornierungen nach dem 14. Tag vor Reisebeginn: 90%<\/li>\n<\/ul>\n<p><strong>Nur bei Nichtbelegung! Die Wohnungen werden zeitnah im \u00f6rtlichen Buchungsportal wieder freigeschalten!<\/strong><\/p>\n<p><span style=\"color: #993300;\"><strong>Schreiben Sie uns unter <a href=\"http:\/\/www.schnaiterhof.de\/?page_id=117\">Kontakte<\/a> oder buchen Sie <a href=\"http:\/\/www.schnaiterhof.de\/?page_id=117\">telefonisch<\/a>.<\/strong><\/span><\/p>\n<h1>Service:<\/h1>\n<ul>\n<li>Bettw\u00e4sche und Handt\u00fccher<\/li>\n<li>Fahrradstellpl\u00e4tze vorhanden (inkl. E-Ladem\u00f6glichkeit)<\/li>\n<li>Auf Anfrage: Nutzung der Waschmaschine gegen Geb\u00fchr m\u00f6glich\u00a0<\/li>\n<li>Verleih von Kinderbett, Hochstuhl, Wickeltisch (kostenlos, begrenzte Anzahl)<\/li>\n<li>WLAN inklusive<\/li>\n<\/ul>\n<p><strong><br \/>NEU 2025: Chiemgau Karte<br \/><\/strong>Mit der Chiemgau Karte k\u00f6nnen Sie \u00fcber 35 Freizeitaktivit\u00e4ten im Chiemgau kostenlos nutzen. Infos zu den Aktivit\u00e4ten finden Sie <a href=\"https:\/\/www.siegsdorf.de\/chiemgaukarte\">hier.<\/a><\/p>\n<p><img loading=\"lazy\" decoding=\"async\" class=\"aligncenter wp-image-1187 size-medium\" src=\"https:\/\/www.schnaiterhof.de\/wp-content\/uploads\/2024\/12\/Schriftzug-Chiemgau-Karte-blau-300x119.png\" alt=\"\" width=\"300\" height=\"119\" srcset=\"https:\/\/schnaiterhof.de\/wp-content\/uploads\/2024\/12\/Schriftzug-Chiemgau-Karte-blau-300x119.png 300w, https:\/\/schnaiterhof.de\/wp-content\/uploads\/2024\/12\/Schriftzug-Chiemgau-Karte-blau-1024x407.png 1024w, https:\/\/schnaiterhof.de\/wp-content\/uploads\/2024\/12\/Schriftzug-Chiemgau-Karte-blau-768x305.png 768w, https:\/\/schnaiterhof.de\/wp-content\/uploads\/2024\/12\/Schriftzug-Chiemgau-Karte-blau.png 1334w\" sizes=\"auto, (max-width: 300px) 100vw, 300px\" \/><\/p>\n<p><strong><br \/>K\u00fcchen in den Ferienwohnungen enthalten:<\/strong><br \/>K\u00fchlschrank (mit Gefrierfach), Elektroofen, Dunstabzug, Backr\u00f6hre, Mikrowelle, Kaffeemaschine, Toaster, Wasserkocher, Eierkocher und Geschirr je nach Gr\u00f6\u00dfe der FeWo.<\/p>\n\n\n<p><strong>Anreise:<\/strong> ab 15 Uhr bis sp\u00e4testens 20:00 Uhr (fr\u00fchere\/sp\u00e4tere Anreise nur nach vorheriger telefonischer Absprache m\u00f6glich)<\/p>\n\n\n\n<p><strong>Abreise:<\/strong> bis sp\u00e4testens 09:00 Uhr<\/p>\n\n\n\n<p><\/p>\n","protected":false},"excerpt":{"rendered":"<p>Preise: Ferienwohnung Balkon 80,00 \u20ac\/Tag Ferienwohnung Terrasse 80,00 \u20ac\/Tag Appartement 50,00 \u20ac\/Tag Kurtaxe Erwachsene 1,10 \u20ac p.Pers.\/Tag Kurtaxe ab dem 6. Lebensjahr 0,55 \u20ac p.Pers.\/Tag Die Preise f\u00fcr die Ferienwohnung gelten f\u00fcr die Belegung mit &hellip; <a href=\"https:\/\/www.schnaiterhof.de\/?page_id=13\">Weiterlesen<\/a><\/p>\n","protected":false},"author":1,"featured_media":0,"parent":0,"menu_order":5,"comment_status":"closed","ping_status":"open","template":"","meta":{"footnotes":""},"class_list":["post-13","page","type-page","status-publish","hentry"],"jetpack_sharing_enabled":true,"_links":{"self":[{"href":"https:\/\/www.schnaiterhof.de\/index.php?rest_route=\/wp\/v2\/pages\/13","targetHints":{"allow":["GET"]}}],"collection":[{"href":"https:\/\/www.schnaiterhof.de\/index.php?rest_route=\/wp\/v2\/pages"}],"about":[{"href":"https:\/\/www.schnaiterhof.de\/index.php?rest_route=\/wp\/v2\/types\/page"}],"author":[{"embeddable":true,"href":"https:\/\/www.schnaiterhof.de\/index.php?rest_route=\/wp\/v2\/users\/1"}],"replies":[{"embeddable":true,"href":"https:\/\/www.schnaiterhof.de\/index.php?rest_route=%2Fwp%2Fv2%2Fcomments&post=13"}],"version-history":[{"count":36,"href":"https:\/\/www.schnaiterhof.de\/index.php?rest_route=\/wp\/v2\/pages\/13\/revisions"}],"predecessor-version":[{"id":1249,"href":"https:\/\/www.schnaiterhof.de\/index.php?rest_route=\/wp\/v2\/pages\/13\/revisions\/1249"}],"wp:attachment":[{"href":"https:\/\/www.schnaiterhof.de\/index.php?rest_route=%2Fwp%2Fv2%2Fmedia&parent=13"}],"curies":[{"name":"wp","href":"https:\/\/api.w.org\/{rel}","templated":true}]}}