{"id":148,"date":"2015-02-15T10:40:09","date_gmt":"2015-02-15T10:40:09","guid":{"rendered":"http:\/\/www.schnaiterhof.de\/?page_id=148"},"modified":"2024-12-29T21:47:29","modified_gmt":"2024-12-29T21:47:29","slug":"winter","status":"publish","type":"page","link":"https:\/\/www.schnaiterhof.de\/?page_id=148","title":{"rendered":"Winter"},"content":{"rendered":"<p>Auch im Winter ist die Region Chiemgau immer eine Reise wert. Genie\u00dfen Sie die Sch\u00f6nheit der in Schnee geh\u00fcllten Landschaft.<\/p>\n<div id=\"attachment_149\" style=\"width: 790px\" class=\"wp-caption aligncenter\"><img loading=\"lazy\" decoding=\"async\" aria-describedby=\"caption-attachment-149\" class=\"img-border wp-image-149 size-large\" src=\"https:\/\/www.schnaiterhof.de\/wp-content\/uploads\/2015\/02\/Hof-1-1024x768.jpg\" alt=\"Schnaiterhof Winter\" width=\"780\" height=\"585\" srcset=\"https:\/\/www.schnaiterhof.de\/wp-content\/uploads\/2015\/02\/Hof-1-1024x768.jpg 1024w, https:\/\/www.schnaiterhof.de\/wp-content\/uploads\/2015\/02\/Hof-1-300x225.jpg 300w, https:\/\/www.schnaiterhof.de\/wp-content\/uploads\/2015\/02\/Hof-1.jpg 1920w\" sizes=\"auto, (max-width: 780px) 100vw, 780px\" \/><p id=\"caption-attachment-149\" class=\"wp-caption-text\">Der Schnaiterhof im Schnee<\/p><\/div>\n<p>Direkt vom Schnaiterhof blicken SIe auf die schneebedeckten Alpen.<\/p>\n<div id=\"attachment_150\" style=\"width: 790px\" class=\"wp-caption aligncenter\"><img loading=\"lazy\" decoding=\"async\" aria-describedby=\"caption-attachment-150\" class=\"img-border wp-image-150 size-large\" src=\"https:\/\/www.schnaiterhof.de\/wp-content\/uploads\/2015\/02\/Landschaft-1-1024x768.jpg\" alt=\"Winterlandschaft\" width=\"780\" height=\"585\" srcset=\"https:\/\/www.schnaiterhof.de\/wp-content\/uploads\/2015\/02\/Landschaft-1-1024x768.jpg 1024w, https:\/\/www.schnaiterhof.de\/wp-content\/uploads\/2015\/02\/Landschaft-1-300x225.jpg 300w, https:\/\/www.schnaiterhof.de\/wp-content\/uploads\/2015\/02\/Landschaft-1.jpg 1920w\" sizes=\"auto, (max-width: 780px) 100vw, 780px\" \/><p id=\"caption-attachment-150\" class=\"wp-caption-text\">Eine herrliche Winterlandschaft<\/p><\/div>\n<p>Starten Sie Ihren Winterspaziergang oder Ihre Skiwanderung direkt vor der Haust\u00fcr.<\/p>\n<div id=\"attachment_151\" style=\"width: 790px\" class=\"wp-caption aligncenter\"><img loading=\"lazy\" decoding=\"async\" aria-describedby=\"caption-attachment-151\" class=\"img-border wp-image-151 size-large\" src=\"https:\/\/www.schnaiterhof.de\/wp-content\/uploads\/2015\/02\/Landschaft-2-1024x768.jpg\" alt=\"Winterlandschaft\" width=\"780\" height=\"585\" srcset=\"https:\/\/www.schnaiterhof.de\/wp-content\/uploads\/2015\/02\/Landschaft-2-1024x768.jpg 1024w, https:\/\/www.schnaiterhof.de\/wp-content\/uploads\/2015\/02\/Landschaft-2-300x225.jpg 300w, https:\/\/www.schnaiterhof.de\/wp-content\/uploads\/2015\/02\/Landschaft-2.jpg 1920w\" sizes=\"auto, (max-width: 780px) 100vw, 780px\" \/><p id=\"caption-attachment-151\" class=\"wp-caption-text\">Eine wundersch\u00f6ne Winterlandschaft<\/p><\/div>\n<p>Oder besuchen\u00a0SIe die zahlreichen Wintersportorte in unmittelbarer N\u00e4he, wie z.B. die <a title=\"Max Aicher Arena Inzell\" href=\"http:\/\/www.max-aicher-arena.de\/\">Max-Aicher-Arena\u00a0in Inzell<\/a>\u00a0(Kunsteisbahn)\u00a0oder die <a title=\"Chiemgau Arena Ruhpoliding\" href=\"http:\/\/www.chiemgau-arena.de\/\">Chiemgau-Arena<\/a>\u00a0(Biathlon) Ruhpolding.<\/p>\n<div id=\"attachment_152\" style=\"width: 790px\" class=\"wp-caption aligncenter\"><img loading=\"lazy\" decoding=\"async\" aria-describedby=\"caption-attachment-152\" class=\"img-border wp-image-152 size-large\" src=\"https:\/\/www.schnaiterhof.de\/wp-content\/uploads\/2015\/02\/Landschaft-3-1024x768.jpg\" alt=\"Winterlandschaft\" width=\"780\" height=\"585\" srcset=\"https:\/\/www.schnaiterhof.de\/wp-content\/uploads\/2015\/02\/Landschaft-3-1024x768.jpg 1024w, https:\/\/www.schnaiterhof.de\/wp-content\/uploads\/2015\/02\/Landschaft-3-300x225.jpg 300w, https:\/\/www.schnaiterhof.de\/wp-content\/uploads\/2015\/02\/Landschaft-3.jpg 1920w\" sizes=\"auto, (max-width: 780px) 100vw, 780px\" \/><p id=\"caption-attachment-152\" class=\"wp-caption-text\">Eine wundersch\u00f6ne Winterlandschaft<\/p><\/div>\n<p>Vom Schnaiterhof erreichen Sie innerhalb einer Stunde u.a. folgende Skigebiete: <a title=\"Steinplatte Waidring\" href=\"http:\/\/www.steinplatte.co.at\/de\/\">Steinplatte<\/a>, <a title=\"Skialm Lofer\" href=\"http:\/\/www.skialm-lofer.com\/\">Skialm Lofer<\/a>, <a title=\"SkiWelt Wilder Kaiser\" href=\"http:\/\/www.skiwelt.at\/\">SkiWelt Wilder Kaiser<\/a>, <a title=\"St. Johann in Tirol\" href=\"http:\/\/www.bergbahnen-stjohann.at\/\">St. Johann i.T.<\/a>, <a title=\"Bergbahnen K\u00f6ssen\" href=\"http:\/\/www.bergbahnen-koessen.at\/\">K\u00f6ssen<\/a>\u00a0und <a title=\"Unternberg Ruhpolding\" href=\"http:\/\/www.unternberg.de\/\">Unternberg Ruhpolding.<\/a><\/p>\n","protected":false},"excerpt":{"rendered":"<p>Auch im Winter ist die Region Chiemgau immer eine Reise wert. Genie\u00dfen Sie die Sch\u00f6nheit der in Schnee geh\u00fcllten Landschaft. Direkt vom Schnaiterhof blicken SIe auf die schneebedeckten Alpen. Starten Sie Ihren Winterspaziergang oder Ihre &hellip; <a href=\"https:\/\/www.schnaiterhof.de\/?page_id=148\">Weiterlesen<\/a><\/p>\n","protected":false},"author":1,"featured_media":0,"parent":15,"menu_order":0,"comment_status":"closed","ping_status":"open","template":"fullwidth.php","meta":{"footnotes":""},"class_list":["post-148","page","type-page","status-publish","hentry"],"jetpack_sharing_enabled":true,"_links":{"self":[{"href":"https:\/\/www.schnaiterhof.de\/index.php?rest_route=\/wp\/v2\/pages\/148","targetHints":{"allow":["GET"]}}],"collection":[{"href":"https:\/\/www.schnaiterhof.de\/index.php?rest_route=\/wp\/v2\/pages"}],"about":[{"href":"https:\/\/www.schnaiterhof.de\/index.php?rest_route=\/wp\/v2\/types\/page"}],"author":[{"embeddable":true,"href":"https:\/\/www.schnaiterhof.de\/index.php?rest_route=\/wp\/v2\/users\/1"}],"replies":[{"embeddable":true,"href":"https:\/\/www.schnaiterhof.de\/index.php?rest_route=%2Fwp%2Fv2%2Fcomments&post=148"}],"version-history":[{"count":5,"href":"https:\/\/www.schnaiterhof.de\/index.php?rest_route=\/wp\/v2\/pages\/148\/revisions"}],"predecessor-version":[{"id":1191,"href":"https:\/\/www.schnaiterhof.de\/index.php?rest_route=\/wp\/v2\/pages\/148\/revisions\/1191"}],"up":[{"embeddable":true,"href":"https:\/\/www.schnaiterhof.de\/index.php?rest_route=\/wp\/v2\/pages\/15"}],"wp:attachment":[{"href":"https:\/\/www.schnaiterhof.de\/index.php?rest_route=%2Fwp%2Fv2%2Fmedia&parent=148"}],"curies":[{"name":"wp","href":"https:\/\/api.w.org\/{rel}","templated":true}]}}