{"id":17,"date":"2015-01-25T13:14:18","date_gmt":"2015-01-25T13:14:18","guid":{"rendered":"http:\/\/www.schnaiterhof.de\/?page_id=17"},"modified":"2015-02-15T10:58:05","modified_gmt":"2015-02-15T10:58:05","slug":"anfahrt","status":"publish","type":"page","link":"https:\/\/www.schnaiterhof.de\/?page_id=17","title":{"rendered":"Anfahrt"},"content":{"rendered":"<p><img loading=\"lazy\" decoding=\"async\" class=\"aligncenter wp-image-162 size-full\" src=\"http:\/\/www.schnaiterhof.de\/wp-content\/uploads\/2015\/01\/Anfahrt2.png\" alt=\"\" width=\"500\" height=\"418\" srcset=\"https:\/\/schnaiterhof.de\/wp-content\/uploads\/2015\/01\/Anfahrt2.png 500w, https:\/\/schnaiterhof.de\/wp-content\/uploads\/2015\/01\/Anfahrt2-300x251.png 300w\" sizes=\"auto, (max-width: 500px) 100vw, 500px\" \/><\/p>\n<p><strong>Anfahrt aus Richtung M\u00fcnchen:<\/strong><\/p>\n<p>Sie erreichen uns von M\u00fcnchen kommend \u00fcber die A8, Ausfahrt Traunstein\/Siegsdorf. Von der Autobahn fahren Sie in Richtung Siegsdorf. Danach weiter \u00fcber den Kreisverkehr in Richtung Inzell (B306). Nach ca. 3km biegen Sie links nach Frauenst\u00e4tt\/Heutau ab. Nach wiederrum 300m biegen Sie, am S\u00e4gewerk, rechts ab. Folgen Sie nun einfach dem Stra\u00dfenverlauf bis \u201cWald\u201d.<\/p>\n<p><strong>Anfahrt aus Richtung Salzburg:<\/strong><\/p>\n<p>Sie erreichen uns von Salzburg kommend \u00fcber die A8, Ausfahrt Traunstein\/Siegsdorf. Von der Autobahn fahren Sie in Richtung Siegsdorf. Danach weiter \u00fcber den Kreisverkehr in Richtung Inzell (B306). Nach ca. 3km biegen Sie links nach Frauenst\u00e4tt\/Heutau ab. Nach wiederrum 300m biegen Sie, am S\u00e4gewerk, rechts ab. Folgen Sie nun einfach dem Stra\u00dfenverlauf bis \u201cWald\u201d.<\/p>\n","protected":false},"excerpt":{"rendered":"<p>Anfahrt aus Richtung M\u00fcnchen: Sie erreichen uns von M\u00fcnchen kommend \u00fcber die A8, Ausfahrt Traunstein\/Siegsdorf. Von der Autobahn fahren Sie in Richtung Siegsdorf. Danach weiter \u00fcber den Kreisverkehr in Richtung Inzell (B306). Nach ca. 3km &hellip; <a href=\"https:\/\/www.schnaiterhof.de\/?page_id=17\">Weiterlesen<\/a><\/p>\n","protected":false},"author":1,"featured_media":0,"parent":0,"menu_order":9,"comment_status":"closed","ping_status":"open","template":"nosidebar.php","meta":{"footnotes":""},"class_list":["post-17","page","type-page","status-publish","hentry"],"jetpack_sharing_enabled":true,"_links":{"self":[{"href":"https:\/\/www.schnaiterhof.de\/index.php?rest_route=\/wp\/v2\/pages\/17","targetHints":{"allow":["GET"]}}],"collection":[{"href":"https:\/\/www.schnaiterhof.de\/index.php?rest_route=\/wp\/v2\/pages"}],"about":[{"href":"https:\/\/www.schnaiterhof.de\/index.php?rest_route=\/wp\/v2\/types\/page"}],"author":[{"embeddable":true,"href":"https:\/\/www.schnaiterhof.de\/index.php?rest_route=\/wp\/v2\/users\/1"}],"replies":[{"embeddable":true,"href":"https:\/\/www.schnaiterhof.de\/index.php?rest_route=%2Fwp%2Fv2%2Fcomments&post=17"}],"version-history":[{"count":7,"href":"https:\/\/www.schnaiterhof.de\/index.php?rest_route=\/wp\/v2\/pages\/17\/revisions"}],"predecessor-version":[{"id":163,"href":"https:\/\/www.schnaiterhof.de\/index.php?rest_route=\/wp\/v2\/pages\/17\/revisions\/163"}],"wp:attachment":[{"href":"https:\/\/www.schnaiterhof.de\/index.php?rest_route=%2Fwp%2Fv2%2Fmedia&parent=17"}],"curies":[{"name":"wp","href":"https:\/\/api.w.org\/{rel}","templated":true}]}}