{"id":174,"date":"2015-02-16T20:03:09","date_gmt":"2015-02-16T20:03:09","guid":{"rendered":"http:\/\/www.schnaiterhof.de\/?page_id=174"},"modified":"2024-12-30T14:34:56","modified_gmt":"2024-12-30T14:34:56","slug":"appartement","status":"publish","type":"page","link":"https:\/\/www.schnaiterhof.de\/?page_id=174","title":{"rendered":"Appartement"},"content":{"rendered":"<p>Das kleine, gem\u00fctliche Appartement mit S\u00fcd-Terrasse, Wohnk\u00fcche und einem Schlafzimmer, ist f\u00fcr zwei Personen geeignet. Dusche und WC befinden sich auf dem Gang, werden aber nur von Ihnen allein benutzt.<\/p>\n<div id=\"attachment_176\" style=\"width: 790px\" class=\"wp-caption aligncenter\"><img loading=\"lazy\" decoding=\"async\" aria-describedby=\"caption-attachment-176\" class=\"img-border wp-image-176 size-large\" src=\"http:\/\/www.schnaiterhof.de\/wp-content\/uploads\/2015\/02\/Terrasse-1024x682.jpg\" alt=\"Terrasse\" width=\"780\" height=\"519\" srcset=\"https:\/\/schnaiterhof.de\/wp-content\/uploads\/2015\/02\/Terrasse-1024x682.jpg 1024w, https:\/\/schnaiterhof.de\/wp-content\/uploads\/2015\/02\/Terrasse-300x200.jpg 300w, https:\/\/schnaiterhof.de\/wp-content\/uploads\/2015\/02\/Terrasse.jpg 1920w\" sizes=\"auto, (max-width: 780px) 100vw, 780px\" \/><p id=\"caption-attachment-176\" class=\"wp-caption-text\">Blick auf die Terrasse vor dem Appartement<\/p><\/div>\n<p><strong>Ausstattung:<\/strong><\/p>\n<ul>\n<li class=\"feature\">Doppelbett<\/li>\n<li class=\"feature float_right\">Wohnk\u00fcche<\/li>\n<li class=\"feature float_right\">Backofen, Tiefk\u00fchlfach, K\u00fchlschrank, Mikrowelle<\/li>\n<li class=\"feature\">Essecke<\/li>\n<li class=\"feature\">Babyhochstuhl<\/li>\n<li class=\"feature\">TV<\/li>\n<li class=\"feature\">Dusche\/WC<\/li>\n<li class=\"feature\">Bettw\u00e4sche<\/li>\n<li class=\"feature float_right\">Handt\u00fccher<\/li>\n<li class=\"feature float_right\">Liegewiese<\/li>\n<li class=\"feature\">Grillm\u00f6glichkeit<\/li>\n<li class=\"feature float_right\">Heizung<\/li>\n<li class=\"feature float_right\">Gartenm\u00f6bel<\/li>\n<li class=\"feature\">Terrasse<\/li>\n<li>Erdgeschoss<\/li>\n<li class=\"feature float_right\">Nichtraucher<\/li>\n<\/ul>\n\n<div class='gallery'><dl class='gallery-item'>\n\t\t\t<dt class='gallery-icon landscape'>\n\t\t\t\t<a href='https:\/\/www.schnaiterhof.de\/?attachment_id=1178'><img loading=\"lazy\" decoding=\"async\" width=\"300\" height=\"200\" src=\"https:\/\/schnaiterhof.de\/wp-content\/uploads\/2024\/12\/IMG_0022-1-300x200.jpeg\" class=\"attachment-medium size-medium\" alt=\"\" aria-describedby=\"gallery-1-1178\" srcset=\"https:\/\/schnaiterhof.de\/wp-content\/uploads\/2024\/12\/IMG_0022-1-300x200.jpeg 300w, https:\/\/schnaiterhof.de\/wp-content\/uploads\/2024\/12\/IMG_0022-1-1024x683.jpeg 1024w, https:\/\/schnaiterhof.de\/wp-content\/uploads\/2024\/12\/IMG_0022-1-768x512.jpeg 768w, https:\/\/schnaiterhof.de\/wp-content\/uploads\/2024\/12\/IMG_0022-1-1536x1024.jpeg 1536w, https:\/\/schnaiterhof.de\/wp-content\/uploads\/2024\/12\/IMG_0022-1.jpeg 1668w\" sizes=\"auto, (max-width: 300px) 100vw, 300px\" \/><\/a>\n\t\t\t<\/dt>\n\t\t\t\t<dd class='wp-caption-text gallery-caption' id='gallery-1-1178'>\n\t\t\t\tGrundriss Appartement \n\t\t\t\t<\/dd><\/dl><dl class='gallery-item'>\n\t\t\t<dt class='gallery-icon landscape'>\n\t\t\t\t<a href='https:\/\/www.schnaiterhof.de\/?attachment_id=1179'><img loading=\"lazy\" decoding=\"async\" width=\"300\" height=\"225\" src=\"https:\/\/schnaiterhof.de\/wp-content\/uploads\/2024\/12\/IMG_9159-1-300x225.jpeg\" class=\"attachment-medium size-medium\" alt=\"\" aria-describedby=\"gallery-1-1179\" srcset=\"https:\/\/schnaiterhof.de\/wp-content\/uploads\/2024\/12\/IMG_9159-1-300x225.jpeg 300w, https:\/\/schnaiterhof.de\/wp-content\/uploads\/2024\/12\/IMG_9159-1-1024x768.jpeg 1024w, https:\/\/schnaiterhof.de\/wp-content\/uploads\/2024\/12\/IMG_9159-1-768x576.jpeg 768w, https:\/\/schnaiterhof.de\/wp-content\/uploads\/2024\/12\/IMG_9159-1-1536x1152.jpeg 1536w, https:\/\/schnaiterhof.de\/wp-content\/uploads\/2024\/12\/IMG_9159-1-2048x1536.jpeg 2048w\" sizes=\"auto, (max-width: 300px) 100vw, 300px\" \/><\/a>\n\t\t\t<\/dt>\n\t\t\t\t<dd class='wp-caption-text gallery-caption' id='gallery-1-1179'>\n\t\t\t\tWohnraum Appartement \n\t\t\t\t<\/dd><\/dl><dl class='gallery-item'>\n\t\t\t<dt class='gallery-icon landscape'>\n\t\t\t\t<a href='https:\/\/www.schnaiterhof.de\/?attachment_id=1180'><img loading=\"lazy\" decoding=\"async\" width=\"300\" height=\"225\" src=\"https:\/\/schnaiterhof.de\/wp-content\/uploads\/2024\/12\/IMG_9157-1-300x225.jpeg\" class=\"attachment-medium size-medium\" alt=\"\" aria-describedby=\"gallery-1-1180\" srcset=\"https:\/\/schnaiterhof.de\/wp-content\/uploads\/2024\/12\/IMG_9157-1-300x225.jpeg 300w, https:\/\/schnaiterhof.de\/wp-content\/uploads\/2024\/12\/IMG_9157-1-1024x768.jpeg 1024w, https:\/\/schnaiterhof.de\/wp-content\/uploads\/2024\/12\/IMG_9157-1-768x576.jpeg 768w, https:\/\/schnaiterhof.de\/wp-content\/uploads\/2024\/12\/IMG_9157-1-1536x1152.jpeg 1536w, https:\/\/schnaiterhof.de\/wp-content\/uploads\/2024\/12\/IMG_9157-1-2048x1536.jpeg 2048w\" sizes=\"auto, (max-width: 300px) 100vw, 300px\" \/><\/a>\n\t\t\t<\/dt>\n\t\t\t\t<dd class='wp-caption-text gallery-caption' id='gallery-1-1180'>\n\t\t\t\tWohnraum Appartement \n\t\t\t\t<\/dd><\/dl><br style=\"clear: both\" \/><dl class='gallery-item'>\n\t\t\t<dt class='gallery-icon portrait'>\n\t\t\t\t<a href='https:\/\/www.schnaiterhof.de\/?attachment_id=1181'><img loading=\"lazy\" decoding=\"async\" width=\"225\" height=\"300\" src=\"https:\/\/schnaiterhof.de\/wp-content\/uploads\/2024\/12\/IMG_9152-1-225x300.jpeg\" class=\"attachment-medium size-medium\" alt=\"\" aria-describedby=\"gallery-1-1181\" srcset=\"https:\/\/schnaiterhof.de\/wp-content\/uploads\/2024\/12\/IMG_9152-1-225x300.jpeg 225w, https:\/\/schnaiterhof.de\/wp-content\/uploads\/2024\/12\/IMG_9152-1-768x1024.jpeg 768w, https:\/\/schnaiterhof.de\/wp-content\/uploads\/2024\/12\/IMG_9152-1-1152x1536.jpeg 1152w, https:\/\/schnaiterhof.de\/wp-content\/uploads\/2024\/12\/IMG_9152-1-1536x2048.jpeg 1536w, https:\/\/schnaiterhof.de\/wp-content\/uploads\/2024\/12\/IMG_9152-1-scaled.jpeg 1920w\" sizes=\"auto, (max-width: 225px) 100vw, 225px\" \/><\/a>\n\t\t\t<\/dt>\n\t\t\t\t<dd class='wp-caption-text gallery-caption' id='gallery-1-1181'>\n\t\t\t\tSchlafzimmer Appartement \n\t\t\t\t<\/dd><\/dl><dl class='gallery-item'>\n\t\t\t<dt class='gallery-icon portrait'>\n\t\t\t\t<a href='https:\/\/www.schnaiterhof.de\/?attachment_id=1182'><img loading=\"lazy\" decoding=\"async\" width=\"225\" height=\"300\" src=\"https:\/\/schnaiterhof.de\/wp-content\/uploads\/2024\/12\/IMG_9161-1-225x300.jpeg\" class=\"attachment-medium size-medium\" alt=\"\" aria-describedby=\"gallery-1-1182\" srcset=\"https:\/\/schnaiterhof.de\/wp-content\/uploads\/2024\/12\/IMG_9161-1-225x300.jpeg 225w, https:\/\/schnaiterhof.de\/wp-content\/uploads\/2024\/12\/IMG_9161-1-768x1024.jpeg 768w, https:\/\/schnaiterhof.de\/wp-content\/uploads\/2024\/12\/IMG_9161-1-1152x1536.jpeg 1152w, https:\/\/schnaiterhof.de\/wp-content\/uploads\/2024\/12\/IMG_9161-1-1536x2048.jpeg 1536w, https:\/\/schnaiterhof.de\/wp-content\/uploads\/2024\/12\/IMG_9161-1-scaled.jpeg 1920w\" sizes=\"auto, (max-width: 225px) 100vw, 225px\" \/><\/a>\n\t\t\t<\/dt>\n\t\t\t\t<dd class='wp-caption-text gallery-caption' id='gallery-1-1182'>\n\t\t\t\tDusche Appartement \n\t\t\t\t<\/dd><\/dl><dl class='gallery-item'>\n\t\t\t<dt class='gallery-icon portrait'>\n\t\t\t\t<a href='https:\/\/www.schnaiterhof.de\/?attachment_id=1183'><img loading=\"lazy\" decoding=\"async\" width=\"225\" height=\"300\" src=\"https:\/\/schnaiterhof.de\/wp-content\/uploads\/2024\/12\/IMG_9163-1-225x300.jpeg\" class=\"attachment-medium size-medium\" alt=\"\" aria-describedby=\"gallery-1-1183\" srcset=\"https:\/\/schnaiterhof.de\/wp-content\/uploads\/2024\/12\/IMG_9163-1-225x300.jpeg 225w, https:\/\/schnaiterhof.de\/wp-content\/uploads\/2024\/12\/IMG_9163-1-768x1024.jpeg 768w, https:\/\/schnaiterhof.de\/wp-content\/uploads\/2024\/12\/IMG_9163-1-1152x1536.jpeg 1152w, https:\/\/schnaiterhof.de\/wp-content\/uploads\/2024\/12\/IMG_9163-1-1536x2048.jpeg 1536w, https:\/\/schnaiterhof.de\/wp-content\/uploads\/2024\/12\/IMG_9163-1-scaled.jpeg 1920w\" sizes=\"auto, (max-width: 225px) 100vw, 225px\" \/><\/a>\n\t\t\t<\/dt>\n\t\t\t\t<dd class='wp-caption-text gallery-caption' id='gallery-1-1183'>\n\t\t\t\tWC Appartement \n\t\t\t\t<\/dd><\/dl><br style=\"clear: both\" \/>\n\t\t<\/div>\n\n<p>&nbsp;<\/p>\n<p><strong>Gr\u00f6\u00dfe:<\/strong>\u00a038\u00a0qm<br \/>\n<strong>Mindestaufenthalt:<\/strong> 5 N\u00e4chte<br \/>\n<strong>M\u00f6gliche Belegung:<\/strong> 1-2\u00a0Personen<\/p>\n<p>Leider keine Tiere m\u00f6glich.<\/p>\n<p><span class=\"s1\"><strong>Anreise<\/strong>:<\/span><span class=\"s2\"> ab 15:00 Uhr bis sp\u00e4testens 20:00 Uhr (fr\u00fchere\/sp\u00e4tere Anreise nur nach vorheriger telefonischer Absprache m\u00f6glich)<br \/>\n<\/span><span class=\"s1\"><strong>Abreise<\/strong>:<\/span><span class=\"s2\"> bis sp\u00e4testens 09:00 Uhr<\/span><\/p>\n<p>&nbsp;<\/p>\n<p><span style=\"color: #993300;\"><strong>Schreiben Sie uns unter <a href=\"http:\/\/www.schnaiterhof.de\/?page_id=117\">Kontakte<\/a> oder buchen Sie <a href=\"http:\/\/www.schnaiterhof.de\/?page_id=117\">telefonisch<\/a>.<\/strong><\/span><\/p>\n<div class=\"lightgrey-box\">\n<h2 style=\"text-align: center;\"><a title=\"Buchung\" href=\"http:\/\/www.schnaiterhof.de\/?page_id=19\">Zur Online-Buchung<\/a><\/h2>\n<\/div>\n","protected":false},"excerpt":{"rendered":"<p>Das kleine, gem\u00fctliche Appartement mit S\u00fcd-Terrasse, Wohnk\u00fcche und einem Schlafzimmer, ist f\u00fcr zwei Personen geeignet. Dusche und WC befinden sich auf dem Gang, werden aber nur von Ihnen allein benutzt. Ausstattung: Doppelbett Wohnk\u00fcche Backofen, Tiefk\u00fchlfach, &hellip; <a href=\"https:\/\/www.schnaiterhof.de\/?page_id=174\">Weiterlesen<\/a><\/p>\n","protected":false},"author":1,"featured_media":0,"parent":11,"menu_order":4,"comment_status":"closed","ping_status":"open","template":"fullwidth.php","meta":{"footnotes":""},"class_list":["post-174","page","type-page","status-publish","hentry"],"jetpack_sharing_enabled":true,"_links":{"self":[{"href":"https:\/\/www.schnaiterhof.de\/index.php?rest_route=\/wp\/v2\/pages\/174","targetHints":{"allow":["GET"]}}],"collection":[{"href":"https:\/\/www.schnaiterhof.de\/index.php?rest_route=\/wp\/v2\/pages"}],"about":[{"href":"https:\/\/www.schnaiterhof.de\/index.php?rest_route=\/wp\/v2\/types\/page"}],"author":[{"embeddable":true,"href":"https:\/\/www.schnaiterhof.de\/index.php?rest_route=\/wp\/v2\/users\/1"}],"replies":[{"embeddable":true,"href":"https:\/\/www.schnaiterhof.de\/index.php?rest_route=%2Fwp%2Fv2%2Fcomments&post=174"}],"version-history":[{"count":18,"href":"https:\/\/www.schnaiterhof.de\/index.php?rest_route=\/wp\/v2\/pages\/174\/revisions"}],"predecessor-version":[{"id":1272,"href":"https:\/\/www.schnaiterhof.de\/index.php?rest_route=\/wp\/v2\/pages\/174\/revisions\/1272"}],"up":[{"embeddable":true,"href":"https:\/\/www.schnaiterhof.de\/index.php?rest_route=\/wp\/v2\/pages\/11"}],"wp:attachment":[{"href":"https:\/\/www.schnaiterhof.de\/index.php?rest_route=%2Fwp%2Fv2%2Fmedia&parent=174"}],"curies":[{"name":"wp","href":"https:\/\/api.w.org\/{rel}","templated":true}]}}