{"id":19,"date":"2015-01-25T13:14:35","date_gmt":"2015-01-25T13:14:35","guid":{"rendered":"http:\/\/www.schnaiterhof.de\/?page_id=19"},"modified":"2016-02-21T14:47:20","modified_gmt":"2016-02-21T14:47:20","slug":"kontakt","status":"publish","type":"page","link":"https:\/\/www.schnaiterhof.de\/?page_id=19","title":{"rendered":"Buchung"},"content":{"rendered":"<p>Wir freuen uns das Sie bei uns Urlaub machen m\u00f6chten. Pr\u00fcfen Sie jetzt einfach die Verf\u00fcgbarkeit unserer Ferienwohnungen in Ihrem gew\u00fcnschten Urlaubszeitraum. Anschlie\u00dfend k\u00f6nnen Sie die Ferienwohnung direkt buchen.<\/p>\n<p><iframe loading=\"lazy\" src=\"https:\/\/tbooking.toubiz.de\/DEU00000060012186342\/tbooking\/?globalReset=1&#038;lang=de\" width=\"100%\" height=\"1000\">Ihr Browser kann keine eingebetteten Frames anzeigen<\/iframe><\/p>\n","protected":false},"excerpt":{"rendered":"<p>Wir freuen uns das Sie bei uns Urlaub machen m\u00f6chten. Pr\u00fcfen Sie jetzt einfach die Verf\u00fcgbarkeit unserer Ferienwohnungen in Ihrem gew\u00fcnschten Urlaubszeitraum. Anschlie\u00dfend k\u00f6nnen Sie die Ferienwohnung direkt buchen. Ihr Browser kann keine eingebetteten Frames &hellip; <a href=\"https:\/\/www.schnaiterhof.de\/?page_id=19\">Weiterlesen<\/a><\/p>\n","protected":false},"author":1,"featured_media":0,"parent":0,"menu_order":6,"comment_status":"closed","ping_status":"open","template":"","meta":{"footnotes":""},"class_list":["post-19","page","type-page","status-publish","hentry"],"jetpack_sharing_enabled":true,"_links":{"self":[{"href":"https:\/\/www.schnaiterhof.de\/index.php?rest_route=\/wp\/v2\/pages\/19","targetHints":{"allow":["GET"]}}],"collection":[{"href":"https:\/\/www.schnaiterhof.de\/index.php?rest_route=\/wp\/v2\/pages"}],"about":[{"href":"https:\/\/www.schnaiterhof.de\/index.php?rest_route=\/wp\/v2\/types\/page"}],"author":[{"embeddable":true,"href":"https:\/\/www.schnaiterhof.de\/index.php?rest_route=\/wp\/v2\/users\/1"}],"replies":[{"embeddable":true,"href":"https:\/\/www.schnaiterhof.de\/index.php?rest_route=%2Fwp%2Fv2%2Fcomments&post=19"}],"version-history":[{"count":17,"href":"https:\/\/www.schnaiterhof.de\/index.php?rest_route=\/wp\/v2\/pages\/19\/revisions"}],"predecessor-version":[{"id":262,"href":"https:\/\/www.schnaiterhof.de\/index.php?rest_route=\/wp\/v2\/pages\/19\/revisions\/262"}],"wp:attachment":[{"href":"https:\/\/www.schnaiterhof.de\/index.php?rest_route=%2Fwp%2Fv2%2Fmedia&parent=19"}],"curies":[{"name":"wp","href":"https:\/\/api.w.org\/{rel}","templated":true}]}}