{"id":24,"date":"2015-01-25T13:36:03","date_gmt":"2015-01-25T13:36:03","guid":{"rendered":"http:\/\/www.schnaiterhof.de\/?page_id=24"},"modified":"2024-12-30T13:56:14","modified_gmt":"2024-12-30T13:56:14","slug":"herzlich-willkommen","status":"publish","type":"page","link":"https:\/\/www.schnaiterhof.de\/","title":{"rendered":"Herzlich Willkommen"},"content":{"rendered":"<p style=\"text-align: left;\">Wir freuen uns Sie auf unseren Seiten begr\u00fc\u00dfen zu d\u00fcrfen. Bitte schauen Sie sich doch einfach mal um. F\u00fcr Fragen und Hinweise stehen wir Ihnen jederzeit gern zur Verf\u00fcgung!<\/p>\n<h1 style=\"text-align: right;\">Ihre Familie Mayer<\/h1>\n<p><img loading=\"lazy\" decoding=\"async\" class=\"img-border aligncenter wp-image-41 size-large\" src=\"https:\/\/www.schnaiterhof.de\/wp-content\/uploads\/2015\/01\/Familie-3-1024x682.jpg\" alt=\"Familie\" width=\"780\" height=\"519\" srcset=\"https:\/\/schnaiterhof.de\/wp-content\/uploads\/2015\/01\/Familie-3-1024x682.jpg 1024w, https:\/\/schnaiterhof.de\/wp-content\/uploads\/2015\/01\/Familie-3-300x200.jpg 300w\" sizes=\"auto, (max-width: 780px) 100vw, 780px\" \/><\/p>\n<p>&nbsp;<\/p>\n<h1 style=\"text-align: left;\">Neu mit dabei ab 2025: Chiemgau Karte<\/h1>\n<p style=\"text-align: left;\">Mit der Chiemgau Karte k\u00f6nnen Sie\u00a0<strong>mehr als 35 Freizeitaktivit\u00e4ten und Attraktionen im Chiemgau einmal pro Urlaubswoche v\u00f6llig kostenlos nutzen<\/strong>. Ob Bergbahnen, Museen, Schwimmb\u00e4der, die \u00d6PNV-Linien oder zahlreiche Sportangebote wie Skilifte, Fu\u00dfballgolf oder Schnuppergolfen. Es ist f\u00fcr jeden etwas dabei. Infos zu den Aktivit\u00e4ten finden Sie <a href=\"https:\/\/www.siegsdorf.de\/chiemgaukarte\">hier.<\/a><\/p>\n<p style=\"text-align: left;\"><img loading=\"lazy\" decoding=\"async\" class=\"aligncenter wp-image-1265 size-full\" src=\"https:\/\/www.schnaiterhof.de\/wp-content\/uploads\/2024\/12\/ChiemgauKarte_Mockup_Karte_Siegsdorf-1.png\" alt=\"\" width=\"1013\" height=\"810\" srcset=\"https:\/\/schnaiterhof.de\/wp-content\/uploads\/2024\/12\/ChiemgauKarte_Mockup_Karte_Siegsdorf-1.png 1013w, https:\/\/schnaiterhof.de\/wp-content\/uploads\/2024\/12\/ChiemgauKarte_Mockup_Karte_Siegsdorf-1-300x240.png 300w, https:\/\/schnaiterhof.de\/wp-content\/uploads\/2024\/12\/ChiemgauKarte_Mockup_Karte_Siegsdorf-1-768x614.png 768w\" sizes=\"auto, (max-width: 1013px) 100vw, 1013px\" \/><\/p>\n\n\n<p><\/p>\n","protected":false},"excerpt":{"rendered":"<p>Wir freuen uns Sie auf unseren Seiten begr\u00fc\u00dfen zu d\u00fcrfen. Bitte schauen Sie sich doch einfach mal um. F\u00fcr Fragen und Hinweise stehen wir Ihnen jederzeit gern zur Verf\u00fcgung! Ihre Familie Mayer &nbsp; Neu mit &hellip; <a href=\"https:\/\/www.schnaiterhof.de\/\">Weiterlesen<\/a><\/p>\n","protected":false},"author":1,"featured_media":0,"parent":0,"menu_order":0,"comment_status":"closed","ping_status":"open","template":"","meta":{"footnotes":""},"class_list":["post-24","page","type-page","status-publish","hentry"],"jetpack_sharing_enabled":true,"_links":{"self":[{"href":"https:\/\/www.schnaiterhof.de\/index.php?rest_route=\/wp\/v2\/pages\/24","targetHints":{"allow":["GET"]}}],"collection":[{"href":"https:\/\/www.schnaiterhof.de\/index.php?rest_route=\/wp\/v2\/pages"}],"about":[{"href":"https:\/\/www.schnaiterhof.de\/index.php?rest_route=\/wp\/v2\/types\/page"}],"author":[{"embeddable":true,"href":"https:\/\/www.schnaiterhof.de\/index.php?rest_route=\/wp\/v2\/users\/1"}],"replies":[{"embeddable":true,"href":"https:\/\/www.schnaiterhof.de\/index.php?rest_route=%2Fwp%2Fv2%2Fcomments&post=24"}],"version-history":[{"count":24,"href":"https:\/\/www.schnaiterhof.de\/index.php?rest_route=\/wp\/v2\/pages\/24\/revisions"}],"predecessor-version":[{"id":1269,"href":"https:\/\/www.schnaiterhof.de\/index.php?rest_route=\/wp\/v2\/pages\/24\/revisions\/1269"}],"wp:attachment":[{"href":"https:\/\/www.schnaiterhof.de\/index.php?rest_route=%2Fwp%2Fv2%2Fmedia&parent=24"}],"curies":[{"name":"wp","href":"https:\/\/api.w.org\/{rel}","templated":true}]}}